{"id":2924,"date":"2023-07-01T00:34:08","date_gmt":"2023-07-01T00:34:08","guid":{"rendered":"https:\/\/another.co\/?page_id=2924"},"modified":"2024-06-21T19:23:11","modified_gmt":"2024-06-21T19:23:11","slug":"contato","status":"publish","type":"page","link":"http:\/\/ms.another.co\/pt-br\/contato\/","title":{"rendered":"Contacto"},"content":{"rendered":"","protected":false},"excerpt":{"rendered":"","protected":false},"author":8,"featured_media":0,"parent":0,"menu_order":0,"comment_status":"closed","ping_status":"closed","template":"page-template-country2.php","meta":[],"acf":{"contact_title":"ANOTHER - CONT\u00c1CTANOS","contact_subtitle":"Quer contratar a melhor ag\u00eancia de comunica\u00e7\u00e3o do Brasil? deixe aqui os seus dados que entraremos em contato rapidinho.","contact_form":"<script charset=\"utf-8\" type=\"text\/javascript\" src=\"\/\/js.hsforms.net\/forms\/embed\/v2.js\"><\/script>\r\n<script>\r\n  hbspt.forms.create({\r\n    region: \"na1\",\r\n    portalId: \"2089525\",\r\n    formId: \"9c5ee2a4-f36b-43f0-84a1-07ac0bd98963\"\r\n  });\r\n<\/script> \r\n","contact_code":"","h21":true,"h21_back":"http:\/\/ms.another.co\/wp-content\/uploads\/2021\/12\/3-nosotros_Back.jpg","h21_back_m":false},"yoast_head":"<!-- This site is optimized with the Yoast SEO plugin v16.3 - https:\/\/yoast.com\/wordpress\/plugins\/seo\/ -->\n<title>Another - Quer contratar a melhor ag\u00eancia de comunica\u00e7\u00e3o do Brasil?<\/title>\n<meta name=\"description\" content=\"Deixe aqui os seus dados que entraremos em contato rapidinho.\" \/>\n<meta name=\"robots\" content=\"index, follow, max-snippet:-1, max-image-preview:large, max-video-preview:-1\" \/>\n<link rel=\"canonical\" href=\"http:\/\/ms.another.co\/pt-br\/contato\/\" \/>\n<meta property=\"og:locale\" content=\"pt_BR\" \/>\n<meta property=\"og:type\" content=\"article\" \/>\n<meta property=\"og:title\" content=\"Another - Quer contratar a melhor ag\u00eancia de comunica\u00e7\u00e3o do Brasil?\" \/>\n<meta property=\"og:description\" content=\"Deixe aqui os seus dados que entraremos em contato rapidinho.\" \/>\n<meta property=\"og:url\" content=\"http:\/\/ms.another.co\/pt-br\/contato\/\" \/>\n<meta property=\"og:site_name\" content=\"Another Company\" \/>\n<meta property=\"article:modified_time\" content=\"2024-06-21T19:23:11+00:00\" \/>\n<meta name=\"twitter:card\" content=\"summary_large_image\" \/>\n<script type=\"application\/ld+json\" class=\"yoast-schema-graph\">{\"@context\":\"https:\/\/schema.org\",\"@graph\":[{\"@type\":\"WebSite\",\"@id\":\"http:\/\/2fvolkswagen-de-mexico-corporativo.another.co\/#website\",\"url\":\"http:\/\/2fvolkswagen-de-mexico-corporativo.another.co\/\",\"name\":\"Another Company\",\"description\":\"Otro sitio realizado con WordPress\",\"potentialAction\":[{\"@type\":\"SearchAction\",\"target\":\"http:\/\/2fvolkswagen-de-mexico-corporativo.another.co\/?s={search_term_string}\",\"query-input\":\"required name=search_term_string\"}],\"inLanguage\":\"pt-BR\"},{\"@type\":\"WebPage\",\"@id\":\"http:\/\/ms.another.co\/pt-br\/contato\/#webpage\",\"url\":\"http:\/\/ms.another.co\/pt-br\/contato\/\",\"name\":\"Another - Quer contratar a melhor ag\\u00eancia de comunica\\u00e7\\u00e3o do Brasil?\",\"isPartOf\":{\"@id\":\"http:\/\/2fvolkswagen-de-mexico-corporativo.another.co\/#website\"},\"datePublished\":\"2023-07-01T00:34:08+00:00\",\"dateModified\":\"2024-06-21T19:23:11+00:00\",\"description\":\"Deixe aqui os seus dados que entraremos em contato rapidinho.\",\"breadcrumb\":{\"@id\":\"http:\/\/ms.another.co\/pt-br\/contato\/#breadcrumb\"},\"inLanguage\":\"pt-BR\",\"potentialAction\":[{\"@type\":\"ReadAction\",\"target\":[\"http:\/\/ms.another.co\/pt-br\/contato\/\"]}]},{\"@type\":\"BreadcrumbList\",\"@id\":\"http:\/\/ms.another.co\/pt-br\/contato\/#breadcrumb\",\"itemListElement\":[{\"@type\":\"ListItem\",\"position\":1,\"item\":{\"@type\":\"WebPage\",\"@id\":\"https:\/\/another.co\/pt-br\/\",\"url\":\"https:\/\/another.co\/pt-br\/\",\"name\":\"Inicio\"}},{\"@type\":\"ListItem\",\"position\":2,\"item\":{\"@id\":\"http:\/\/ms.another.co\/pt-br\/contato\/#webpage\"}}]}]}<\/script>\n<!-- \/ Yoast SEO plugin. -->","_links":{"self":[{"href":"http:\/\/ms.another.co\/pt-br\/wp-json\/wp\/v2\/pages\/2924"}],"collection":[{"href":"http:\/\/ms.another.co\/pt-br\/wp-json\/wp\/v2\/pages"}],"about":[{"href":"http:\/\/ms.another.co\/pt-br\/wp-json\/wp\/v2\/types\/page"}],"author":[{"embeddable":true,"href":"http:\/\/ms.another.co\/pt-br\/wp-json\/wp\/v2\/users\/8"}],"replies":[{"embeddable":true,"href":"http:\/\/ms.another.co\/pt-br\/wp-json\/wp\/v2\/comments?post=2924"}],"version-history":[{"count":4,"href":"http:\/\/ms.another.co\/pt-br\/wp-json\/wp\/v2\/pages\/2924\/revisions"}],"predecessor-version":[{"id":3516,"href":"http:\/\/ms.another.co\/pt-br\/wp-json\/wp\/v2\/pages\/2924\/revisions\/3516"}],"wp:attachment":[{"href":"http:\/\/ms.another.co\/pt-br\/wp-json\/wp\/v2\/media?parent=2924"}],"curies":[{"name":"wp","href":"https:\/\/api.w.org\/{rel}","templated":true}]}}