{"id":997,"date":"2019-03-19T23:21:26","date_gmt":"2019-03-19T23:21:26","guid":{"rendered":"https:\/\/another.co\/aviso-de-privacidad\/"},"modified":"2024-06-03T16:38:48","modified_gmt":"2024-06-03T16:38:48","slug":"aviso-de-privacidad","status":"publish","type":"page","link":"http:\/\/ms.another.co\/en\/aviso-de-privacidad\/","title":{"rendered":"Aviso de Privacidad"},"content":{"rendered":"<p><b>Accoms Latam, S.A.P.I. de C.V. <\/b><span style=\"font-weight: 400;\">(en lo sucesivo \u201c<\/span><b>Another<\/b><span style=\"font-weight: 400;\">) con domicilio en Avenida Horacio n\u00famero 1022, Colonia Polanco IV Secci\u00f3n, Alcald\u00eda Miguel Hidalgo, C\u00f3digo Postal 11550, Ciudad de M\u00e9xico, en cumplimiento a la Ley Federal de Protecci\u00f3n de Datos Personales en Posesi\u00f3n de los Particulares, su reglamento, lineamientos y dem\u00e1s disposiciones relativas y aplicables (en adelante de manera conjunta \u201c<\/span><b>La Ley<\/b><span style=\"font-weight: 400;\">\u201d) en su car\u00e1cter de responsable de los datos personales que le sean proporcionados, hace de su conocimiento mediante el presente documento (el \u201c<\/span><b>Aviso de Privacidad<\/b><span style=\"font-weight: 400;\">\u201d) su pol\u00edtica de privacidad, as\u00ed como el tratamiento que dar\u00e1 a los datos personales que sean recabados de manera directa en su establecimiento; v\u00eda telef\u00f3nica; por correo electr\u00f3nico; redes sociales (Twitter,\u00a0 Facebook, LinkedIn, etc.) y\/o a trav\u00e9s de \u00e9ste portal <\/span><span style=\"font-weight: 400;\">(<\/span><span style=\"font-weight: 400;\">en lo sucesivo el \u201c<\/span><b>Portal<\/b><span style=\"font-weight: 400;\">\u201d) garantizando as\u00ed que el tratamiento de los datos personales que proporcione a trav\u00e9s de los medios enunciados anteriormente, se llevar\u00e1 a cabo de manera leg\u00edtima, legal, controlada e informada, preservando su derecho a la privacidad y a la autodeterminaci\u00f3n informativa.<\/span><\/p>\n<p><b>1. RESPONSABILIDAD<\/b><span style=\"font-weight: 400;\">\u00a0<\/span><\/p>\n<p><span style=\"font-weight: 400;\">Another, ser\u00e1 responsable del tratamiento que se le d\u00e9 a los datos personales recabados a trav\u00e9s de los medios descritos anteriormente, asimismo, hace de su conocimiento que los datos personales ser\u00e1n tratados y resguardados con base en los principios de licitud, calidad, consentimiento, informaci\u00f3n, finalidad, lealtad, proporcionalidad y responsabilidad, establecidos en la Ley.\u00a0<\/span><\/p>\n<p>&nbsp;<\/p>\n<p><b>2. DATOS PERSONALES RECABADOS<\/b><\/p>\n<p><span style=\"font-weight: 400;\">De conformidad con La Ley y para efectos de este Aviso de Privacidad, se entender\u00e1n por datos personales, aquella informaci\u00f3n concerniente a una persona f\u00edsica identificada o identificable (los \u201c<\/span><b>Datos Personales<\/b><span style=\"font-weight: 400;\">\u201d). El tipo de Datos Personales que ser\u00e1n recabados de Ud. (en lo sucesivo el \u201c<\/span><b>Titular<\/b><span style=\"font-weight: 400;\">\u201d) ser\u00e1n los siguientes; nombre completo, tel\u00e9fono, correo electr\u00f3nico, empresa en la que trabaja o a la que representa, p\u00e1gina web, entre otros que sean necesarios para la prestaci\u00f3n de servicios por parte de Another, los cuales no son considerados datos personales sensibles conforme a la Ley (en lo sucesivo los \u201c<\/span><b>Datos Personales<\/b><span style=\"font-weight: 400;\">\u201d).<\/span><\/p>\n<p><span style=\"font-weight: 400;\">El Titular de los datos personales proporcionados a Another, es responsable, en cualquier caso, de la veracidad, exactitud, vigencia y autenticidad de los datos proporcionados, y se compromete a mantenerla debidamente actualizada.<\/span><\/p>\n<p><b>3. FINALIDAD<\/b><\/p>\n<p><span style=\"font-weight: 400;\">Los Datos Personales que sean proporcionados por el Titular a Another y ser\u00e1n recabados para las siguientes finalidades: (i) identificaci\u00f3n del contacto; (ii) proveer, requerir, contratar, cotizar y proporcionar informaci\u00f3n, enunciando sin\u00a0 limitar mediante newletters, webinars, entre otros, respecto de productos y\/o servicios ofertados por Another y\/o solicitados por el Titular; (iii) dar un correcto seguimiento a las solicitudes del Titular; (iv) acceder a eventos, ventas exclusivas, webinars, ofertas o promociones respecto de productos y\/o servicios ofertados por Another; (v) acceder a informaci\u00f3n contenida en el Portal; (vi) proporcionar materiales propiedad de Another; (vii) evaluar la calidad de los productos y\/o servicios ofertados por Another; (viii) recolectar informaci\u00f3n derivada de los gustos y preferencias de los productos y\/o servicios adquiridos; (ix) requerimientos de pago y facturaci\u00f3n a clientes; (x) contactar al Titular v\u00eda correo, correo electr\u00f3nico o tel\u00e9fono con el fin de establecer un contacto m\u00e1s cercano para cualquier tema de inter\u00e9s.<\/span><\/p>\n<p><b>4. TRANSFERENCIA DE DATOS PERSONALES<\/b><\/p>\n<p><span style=\"font-weight: 400;\">Another<\/span> <span style=\"font-weight: 400;\">no transferir\u00e1 los Datos Personales del Titular. En caso que al momento de requerir un producto y\/o servicio \u00e9ste implique transmisi\u00f3n de datos personales, se le har\u00e1 saber al Titular a fin de que otorgue su consentimiento para que sus datos personales sean transferidos con la finalidad de proporcionarle el producto y\/o servicio solicitado.<\/span><\/p>\n<p><span style=\"font-weight: 400;\">Las comunicaciones de Datos Personales que se realicen entre Another, sus sociedades filiales y el encargado de \u00e9stos y\/o sus empleados, no ser\u00e1 considerado como transferencia de datos, por lo que, en este caso, no ser\u00e1 necesario recabar el consentimiento del Titular.<\/span><\/p>\n<p><span style=\"font-weight: 400;\">Sin perjuicio de lo anterior<\/span> <span style=\"font-weight: 400;\">Another podr\u00e1 en todo momento revelar y transmitir Informaci\u00f3n cuando por mandato de ley y\/o de autoridad competente le fuere requerido, o por considerar de buena fe que dicha revelaci\u00f3n es necesaria para: i) Cumplir con procesos legales; ii) Responder reclamaciones que involucren cualquier contenido que menoscabe derechos de terceros; iii) Proteger los derechos, la propiedad o la seguridad de Another,<\/span> <span style=\"font-weight: 400;\">sus usuarios y p\u00fablico en general, y; iv) Cuando la transferencia est\u00e9 prevista en una Ley o Tratado en los que M\u00e9xico sea parte.<\/span><\/p>\n<p><span style=\"font-weight: 400;\">Another podr\u00e1 proporcionar los Datos Personales a cualquier autoridad que le requiera la misma, para: (i) interponer cualquier medio de defensa en su favor; (ii) establecer medidas de protecci\u00f3n en contra de actividades il\u00edcitas o situaciones que impliquen riesgo a la seguridad de cualquier persona; y (iv) cualquier otra actividad que la ley o alguna autoridad requiera.<\/span><\/p>\n<p><b>5. VIGENCIA<\/b><\/p>\n<p><span style=\"font-weight: 400;\">Los Datos Personales ser\u00e1n tratados \u00fanicamente por el tiempo necesario que dure el acto jur\u00eddico que d\u00e9 origen a la relaci\u00f3n contractual y solo para las finalidades antes descritas y\/o de conformidad con lo que establezcan las disposiciones legales aplicables. La obligaci\u00f3n de confidencialidad de las personas que participan en el tratamiento de los Datos Personales subsistir\u00e1 a\u00fan despu\u00e9s de terminada la relaci\u00f3n de \u00e9stos con Another.<\/span><\/p>\n<p><b>6. SEGURIDAD\u00a0<\/b><\/p>\n<p><span style=\"font-weight: 400;\">Another, se compromete a que los Datos Personales ser\u00e1n resguardados bajo estrictas medidas de seguridad administrativas, t\u00e9cnicas y f\u00edsicas las cuales han sido implementadas con el objeto de proteger los Datos Personales contra da\u00f1o, p\u00e9rdida, alteraci\u00f3n, destrucci\u00f3n o el uso, acceso o tratamiento no autorizado. \u00danicamente el personal autorizado por Another, tendr\u00e1 acceso a los Datos Personales. El personal autorizado tiene prohibido permitir el acceso a personas no autorizadas y utilizar los datos personales para fines distintos a los establecidos en el presente Aviso de Privacidad.<\/span><\/p>\n<p><span style=\"font-weight: 400;\">Este sitio de Internet podr\u00e1 contener enlaces a otros sitios de Internet. Al momento de acceder en cualquiera de esos accesos, el usuario de la misma dejar\u00e1 el sitio de Another, y entrar\u00e1 a otro sitio de Internet, por tanto, Another, no tiene ning\u00fan control sobre dichos sitios, no siendo responsable en forma alguna por la informaci\u00f3n que se solicite y registre en estos sitios.<\/span><\/p>\n<p><b>7. DERECHOS A.R.C.O.<\/b><\/p>\n<p><span style=\"font-weight: 400;\">El Titular podr\u00e1: i) conocer los Datos Personales que posea Another\u00a0 y los detalles de su tratamiento; ii) Rectificar sus Datos Personales en caso de ser inexactos; iii) Cancelar el tratamiento de los Datos Personales cuando considere que resultan ser excesivos o innecesarios para las finalidades que justificaron su obtenci\u00f3n; y iv) Oponerse al tratamiento de sus Datos Personales para fines espec\u00edficos.\u00a0<\/span><\/p>\n<p><span style=\"font-weight: 400;\">El Titular deber\u00e1 considerar que, para ciertos fines, la revocaci\u00f3n del consentimiento al tratamiento de los Datos Personales implicar\u00e1 que Another no pueda seguir proporcionando el producto y\/o servicio solicitado por el Titular.<\/span><\/p>\n<p><span style=\"font-weight: 400;\">En todo momento el Titular podr\u00e1 revocar el consentimiento otorgado para el tratamiento de sus Datos Personales, a fin de que se deje de hacer uso de los mismos. En caso de que requiera limitar el uso y\/o divulgaci\u00f3n de los Datos Personales o bien, ejercer cualquiera de sus derechos de acceso, rectificaci\u00f3n, cancelaci\u00f3n u oposici\u00f3n (\u201c<\/span><b>Derechos A.R.C.O.<\/b><span style=\"font-weight: 400;\">\u201d), deber\u00e1 dirigir su solicitud: (i) al correo electr\u00f3nico<\/span><b> contactopdp@another.co<\/b><span style=\"font-weight: 400;\">, debiendo confirmar la recepci\u00f3n de dicho documento en el tel\u00e9fono 55 6392 1100, en un horario de lunes a viernes de las 9:00 a 18:00 horas, en d\u00edas h\u00e1biles, seg\u00fan corresponda.<\/span><\/p>\n<p><span style=\"font-weight: 400;\">El ejercicio de los Derechos A.R.C.O. ser\u00e1 gratuito, debiendo cubrir el Titular los gastos de env\u00edo, reproducci\u00f3n y\/o certificaci\u00f3n de documentos. La respuesta a la reiteraci\u00f3n de una solicitud del Titular tendr\u00e1 un costo que no exceder\u00e1 de 3 veces del valor diario de la Unidad de Medida y Actualizaci\u00f3n vigente.<\/span><\/p>\n<p><span style=\"font-weight: 400;\">Para lo anterior, deber\u00e1 informar a Another, de forma clara y precisa, los Datos Personales que el Titular desea sean rectificados, cancelados o revisados, as\u00ed como el prop\u00f3sito para el cual los aport\u00f3 y en general cumplir los requisitos mencionados en el art. 29 de la Ley Federal de Protecci\u00f3n de Datos Personales en Posesi\u00f3n de Particulares:<\/span><\/p>\n<ul>\n<li style=\"font-weight: 400;\" aria-level=\"1\"><span style=\"font-weight: 400;\">Nombre completo del Titular, domicilio, tel\u00e9fono y cuenta de correo electr\u00f3nico, para poder comunicarle la respuesta a su solicitud.<\/span><\/li>\n<li style=\"font-weight: 400;\" aria-level=\"1\"><span style=\"font-weight: 400;\">Los documentos que acrediten la identidad o, en su caso, la representaci\u00f3n legal del Titular de los datos personales.<\/span><\/li>\n<li style=\"font-weight: 400;\" aria-level=\"1\"><span style=\"font-weight: 400;\">Una descripci\u00f3n clara, sucinta y precisa de lo solicitado.<\/span><\/li>\n<li style=\"font-weight: 400;\" aria-level=\"1\"><span style=\"font-weight: 400;\">Cualquier otro elemento o documento que facilite en su caso, dar cumplimiento a su solicitud y\/o para emitir respuesta a la misma.<\/span><\/li>\n<\/ul>\n<p><span style=\"font-weight: 400;\">Another tendr\u00e1 un plazo no mayor a 20 d\u00edas h\u00e1biles posteriores a la recepci\u00f3n de la solicitud referida para dar respuesta a la misma, y 15 d\u00edas h\u00e1biles m\u00e1s para hacer efectivo el ejercicio del derecho que solicite, en caso de que resulte procedente.<\/span><\/p>\n<p><span style=\"font-weight: 400;\">Los plazos antes referidos podr\u00e1n ser ampliados por un periodo igual, siempre y cuando as\u00ed lo justifiquen las circunstancias del caso.<\/span><\/p>\n<p><b>8. MODIFICACI\u00d3N AL AVISO DE PRIVACIDAD<\/b><\/p>\n<p><span style=\"font-weight: 400;\">Another, se reserva el derecho para cambiar el presente Aviso de Privacidad en cualquier momento, sin previa notificaci\u00f3n o responsabilidad.<\/span><\/p>\n<p><span style=\"font-weight: 400;\">Cualquier modificaci\u00f3n al presente aviso le ser\u00e1 notificada a trav\u00e9s del siguiente medio:<\/span><\/p>\n<ul>\n<li style=\"font-weight: 400;\" aria-level=\"1\"><span style=\"font-weight: 400;\">P\u00e1gina web: https:\/\/www.another.co\/aviso-de-privacidad\/<\/span><\/li>\n<\/ul>\n<p><span style=\"font-weight: 400;\">La recolecci\u00f3n de informaci\u00f3n, el uso y la divulgaci\u00f3n que haga Another , de los Datos Personales ser\u00e1 regida por la versi\u00f3n del Aviso de Privacidad en ese momento publicada.<\/span><\/p>\n<p><span style=\"font-weight: 400;\">Asimismo, cualquier cambio de domicilio, n\u00famero telef\u00f3nico, fax y\/o p\u00e1gina web, ser\u00e1 publicado en la p\u00e1gina web se\u00f1alada anteriormente durante diez d\u00edas naturales previos a la fecha efectiva de cambio, y es su responsabilidad consultar este aviso y sus modificaciones.<\/span><\/p>\n<p><b>9. OTORGAMIENTO DEL CONSENTIMIENTO<\/b><\/p>\n<p><span style=\"font-weight: 400;\">Al proporcionar los Datos Personales el Titular confirma y acepta que ha le\u00eddo y otorga su consentimiento para ajustarse a lo estipulado en el presente Aviso de Privacidad. Asimismo en caso de proporcionar Datos Personales sensibles y\/o de car\u00e1cter patrimonial y\/o financiero, su consentimiento ser\u00e1 recabado de forma expresa y por escrito dejando como constancia su firma aut\u00f3grafa, firma electr\u00f3nica, o cualquier mecanismo de autenticaci\u00f3n que al efecto se establezca.<\/span><\/p>\n","protected":false},"excerpt":{"rendered":"<p>Accoms Latam, S.A.P.I. de C.V. (en lo sucesivo \u201cAnother) con domicilio en Avenida Horacio n\u00famero 1022, Colonia Polanco IV Secci\u00f3n, Alcald\u00eda Miguel Hidalgo, C\u00f3digo Postal 11550, Ciudad de M\u00e9xico, en cumplimiento a la Ley Federal de Protecci\u00f3n de Datos Personales en Posesi\u00f3n de los Particulares, su reglamento, lineamientos y dem\u00e1s disposiciones relativas y aplicables (en [&hellip;]<\/p>\n","protected":false},"author":1,"featured_media":0,"parent":0,"menu_order":0,"comment_status":"closed","ping_status":"closed","template":"page-one-col.php","meta":[],"acf":{"splash_txt1":"","splash_txt2":"","splash_cta":false,"splash_bk":"red"},"yoast_head":"<!-- This site is optimized with the Yoast SEO plugin v16.3 - https:\/\/yoast.com\/wordpress\/plugins\/seo\/ -->\n<title>Aviso de Privacidad - Another Company<\/title>\n<meta name=\"description\" content=\"Estrategias integrales de Relaciones P\u00fablicas, Marketing Digital, Branding, Eventos y Creatividad para tu marca y audiencia. Aviso de Privacidad.\" \/>\n<meta name=\"robots\" content=\"index, follow, max-snippet:-1, max-image-preview:large, max-video-preview:-1\" \/>\n<link rel=\"canonical\" href=\"http:\/\/ms.another.co\/en\/aviso-de-privacidad\/\" \/>\n<meta property=\"og:locale\" content=\"en_US\" \/>\n<meta property=\"og:type\" content=\"article\" \/>\n<meta property=\"og:title\" content=\"Aviso de Privacidad - Another Company\" \/>\n<meta property=\"og:description\" content=\"Estrategias integrales de Relaciones P\u00fablicas, Marketing Digital, Branding, Eventos y Creatividad para tu marca y audiencia. Aviso de Privacidad.\" \/>\n<meta property=\"og:url\" content=\"http:\/\/ms.another.co\/en\/aviso-de-privacidad\/\" \/>\n<meta property=\"og:site_name\" content=\"Another Company\" \/>\n<meta property=\"article:modified_time\" content=\"2024-06-03T16:38:48+00:00\" \/>\n<meta name=\"twitter:card\" content=\"summary_large_image\" \/>\n<meta name=\"twitter:label1\" content=\"Est. reading time\">\n\t<meta name=\"twitter:data1\" content=\"9 minutes\">\n<script type=\"application\/ld+json\" class=\"yoast-schema-graph\">{\"@context\":\"https:\/\/schema.org\",\"@graph\":[{\"@type\":\"WebSite\",\"@id\":\"http:\/\/2fvolkswagen-de-mexico-corporativo.another.co\/#website\",\"url\":\"http:\/\/2fvolkswagen-de-mexico-corporativo.another.co\/\",\"name\":\"Another Company\",\"description\":\"Otro sitio realizado con WordPress\",\"potentialAction\":[{\"@type\":\"SearchAction\",\"target\":\"http:\/\/2fvolkswagen-de-mexico-corporativo.another.co\/?s={search_term_string}\",\"query-input\":\"required name=search_term_string\"}],\"inLanguage\":\"en-US\"},{\"@type\":\"WebPage\",\"@id\":\"http:\/\/ms.another.co\/en\/aviso-de-privacidad\/#webpage\",\"url\":\"http:\/\/ms.another.co\/en\/aviso-de-privacidad\/\",\"name\":\"Aviso de Privacidad - Another Company\",\"isPartOf\":{\"@id\":\"http:\/\/2fvolkswagen-de-mexico-corporativo.another.co\/#website\"},\"datePublished\":\"2019-03-19T23:21:26+00:00\",\"dateModified\":\"2024-06-03T16:38:48+00:00\",\"description\":\"Estrategias integrales de Relaciones P\\u00fablicas, Marketing Digital, Branding, Eventos y Creatividad para tu marca y audiencia. Aviso de Privacidad.\",\"breadcrumb\":{\"@id\":\"http:\/\/ms.another.co\/en\/aviso-de-privacidad\/#breadcrumb\"},\"inLanguage\":\"en-US\",\"potentialAction\":[{\"@type\":\"ReadAction\",\"target\":[\"http:\/\/ms.another.co\/en\/aviso-de-privacidad\/\"]}]},{\"@type\":\"BreadcrumbList\",\"@id\":\"http:\/\/ms.another.co\/en\/aviso-de-privacidad\/#breadcrumb\",\"itemListElement\":[{\"@type\":\"ListItem\",\"position\":1,\"item\":{\"@type\":\"WebPage\",\"@id\":\"https:\/\/another.co\/en\/\",\"url\":\"https:\/\/another.co\/en\/\",\"name\":\"Inicio\"}},{\"@type\":\"ListItem\",\"position\":2,\"item\":{\"@id\":\"http:\/\/ms.another.co\/en\/aviso-de-privacidad\/#webpage\"}}]}]}<\/script>\n<!-- \/ Yoast SEO plugin. -->","_links":{"self":[{"href":"http:\/\/ms.another.co\/en\/wp-json\/wp\/v2\/pages\/997"}],"collection":[{"href":"http:\/\/ms.another.co\/en\/wp-json\/wp\/v2\/pages"}],"about":[{"href":"http:\/\/ms.another.co\/en\/wp-json\/wp\/v2\/types\/page"}],"author":[{"embeddable":true,"href":"http:\/\/ms.another.co\/en\/wp-json\/wp\/v2\/users\/1"}],"replies":[{"embeddable":true,"href":"http:\/\/ms.another.co\/en\/wp-json\/wp\/v2\/comments?post=997"}],"version-history":[{"count":3,"href":"http:\/\/ms.another.co\/en\/wp-json\/wp\/v2\/pages\/997\/revisions"}],"predecessor-version":[{"id":3392,"href":"http:\/\/ms.another.co\/en\/wp-json\/wp\/v2\/pages\/997\/revisions\/3392"}],"wp:attachment":[{"href":"http:\/\/ms.another.co\/en\/wp-json\/wp\/v2\/media?parent=997"}],"curies":[{"name":"wp","href":"https:\/\/api.w.org\/{rel}","templated":true}]}}